{"id":138,"date":"2013-06-18T11:40:29","date_gmt":"2013-06-18T11:40:29","guid":{"rendered":"http:\/\/preview.ait-themes.com\/drivingschool\/wp2\/?page_id=138"},"modified":"2024-04-15T16:06:20","modified_gmt":"2024-04-15T16:06:20","slug":"fahrzeuge","status":"publish","type":"page","link":"https:\/\/www.fahrschule-danker.de\/?page_id=138","title":{"rendered":"Fahrzeuge"},"content":{"rendered":"<p style=\"text-align: center;\"><strong>F\u00fcr die Klasse B (Schaltung)<\/strong><\/p>\n<p style=\"text-align: center;\">Seat Ateca<\/p>\n<p style=\"text-align: center;\"><a href=\"https:\/\/www.fahrschule-danker.de\/wp-content\/uploads\/Ateca.jpg\"><img loading=\"lazy\" decoding=\"async\" class=\"aligncenter size-full wp-image-1629\" src=\"https:\/\/www.fahrschule-danker.de\/wp-content\/uploads\/Ateca.jpg\" alt=\"\" width=\"200\" height=\"100\" srcset=\"https:\/\/www.fahrschule-danker.de\/wp-content\/uploads\/Ateca.jpg 200w, https:\/\/www.fahrschule-danker.de\/wp-content\/uploads\/Ateca-768x384.jpg 768w\" sizes=\"auto, (max-width: 200px) 100vw, 200px\" \/><\/a><\/p>\n<p style=\"text-align: center;\">\n<p style=\"text-align: center;\"><strong>F\u00fcr die Klasse A direkt (ab 24 Jahre)<\/strong><\/p>\n<p style=\"text-align: center;\">Honda CBF 600 ABS<\/p>\n<p style=\"text-align: center;\"><strong>F\u00fcr die Klasse A 2 (ab 18 Jahre)<\/strong><\/p>\n<p style=\"text-align: center;\">Honda CBF 500 ABS<\/p>\n","protected":false},"excerpt":{"rendered":"<p>F\u00fcr die Klasse B (Schaltung) Seat Ateca F\u00fcr die Klasse A direkt (ab 24 Jahre) Honda CBF 600 ABS F\u00fcr die Klasse A 2 (ab 18 Jahre) Honda CBF 500 ABS<\/p>\n","protected":false},"author":1,"featured_media":0,"parent":0,"menu_order":0,"comment_status":"closed","ping_status":"closed","template":"homepage.php","meta":{"footnotes":""},"class_list":["post-138","page","type-page","status-publish","hentry"],"_links":{"self":[{"href":"https:\/\/www.fahrschule-danker.de\/index.php?rest_route=\/wp\/v2\/pages\/138","targetHints":{"allow":["GET"]}}],"collection":[{"href":"https:\/\/www.fahrschule-danker.de\/index.php?rest_route=\/wp\/v2\/pages"}],"about":[{"href":"https:\/\/www.fahrschule-danker.de\/index.php?rest_route=\/wp\/v2\/types\/page"}],"author":[{"embeddable":true,"href":"https:\/\/www.fahrschule-danker.de\/index.php?rest_route=\/wp\/v2\/users\/1"}],"replies":[{"embeddable":true,"href":"https:\/\/www.fahrschule-danker.de\/index.php?rest_route=%2Fwp%2Fv2%2Fcomments&post=138"}],"version-history":[{"count":31,"href":"https:\/\/www.fahrschule-danker.de\/index.php?rest_route=\/wp\/v2\/pages\/138\/revisions"}],"predecessor-version":[{"id":1638,"href":"https:\/\/www.fahrschule-danker.de\/index.php?rest_route=\/wp\/v2\/pages\/138\/revisions\/1638"}],"wp:attachment":[{"href":"https:\/\/www.fahrschule-danker.de\/index.php?rest_route=%2Fwp%2Fv2%2Fmedia&parent=138"}],"curies":[{"name":"wp","href":"https:\/\/api.w.org\/{rel}","templated":true}]}}