{"id":708,"date":"2014-12-15T14:03:58","date_gmt":"2014-12-15T14:03:58","guid":{"rendered":"http:\/\/www.fahrschule-danker.de\/?page_id=708"},"modified":"2018-03-06T12:44:51","modified_gmt":"2018-03-06T12:44:51","slug":"theorie","status":"publish","type":"page","link":"https:\/\/www.fahrschule-danker.de\/?page_id=708","title":{"rendered":"Theorie"},"content":{"rendered":"<p>&nbsp;<\/p>\n<p style=\"text-align: center;\">W\u00e4hrend die Fahrerlaubnisbeh\u00f6rde den F\u00fchrerscheinantrag bearbeitet &#8211; in Berlin kann das sechs bis neun Wochen dauern &#8211; k\u00f6nnen Sie schon mit der theoretischen und praktischen Ausbildung beginnen. F\u00fcr beide Teile der Ausbildung ist die Fahrsch\u00fcler-Ausbildungsordnung ma\u00dfgebend.<\/p>\n<p style=\"text-align: center;\">Der Besuch des theoretischen Unterrichts ist Pflicht<\/p>\n<p style=\"text-align: center;\">Unterrichtszeiten:<\/p>\n<p style=\"text-align: center;\"><strong>F\u00fcr Klasse B<\/strong>\u00a0\u00a0 Mo. und Mi. jeweils um Uhr 18.40<\/p>\n<p style=\"text-align: center;\"><strong>F\u00fcr Klasse A<\/strong>\u00a0 nach Absprache<\/p>\n<div class=\"frame  \"><div class=\"frame-wrap\" style=\"\"><div class=\"frame-inner\"><br \/>\n<div class=\"sc-box-title\" style=\"text-align: center;\"><div class=\"wrap\">\n<h2>Umfang der theoretischen Ausbildung<\/h2>\n<p><\/p><\/div><\/div><br \/>\n\n<table id=\"tablepress-2\" class=\"tablepress tablepress-id-2\">\n<thead>\n<tr class=\"row-1\">\n\t<td class=\"column-1\"><\/td><th class=\"column-2\">Anzahl der Grundthemen zu je 90 Min.<\/th><th class=\"column-3\">Anzahl der klassenspezifischen Themen zu je 90 Min.<\/th>\n<\/tr>\n<\/thead>\n<tbody class=\"row-striping row-hover\">\n<tr class=\"row-2\">\n\t<td class=\"column-1\">Klasse A<\/td><td class=\"column-2\">12<\/td><td class=\"column-3\">4<\/td>\n<\/tr>\n<tr class=\"row-3\">\n\t<td class=\"column-1\">Klasse B<\/td><td class=\"column-2\">12<\/td><td class=\"column-3\">2<\/td>\n<\/tr>\n<tr class=\"row-4\">\n\t<td class=\"column-1\">Erweiterung von B auf A<\/td><td class=\"column-2\">6<\/td><td class=\"column-3\">4<\/td>\n<\/tr>\n<tr class=\"row-5\">\n\t<td class=\"column-1\">Erweiterung von A auf B<\/td><td class=\"column-2\">6<\/td><td class=\"column-3\">2<\/td>\n<\/tr>\n<\/tbody>\n<\/table>\n<!-- #tablepress-2 from cache -->\n<p><\/p><\/div><\/div><\/div>\n","protected":false},"excerpt":{"rendered":"<p>&nbsp; W\u00e4hrend die Fahrerlaubnisbeh\u00f6rde den F\u00fchrerscheinantrag bearbeitet &#8211; in Berlin kann das sechs bis neun Wochen dauern &#8211; k\u00f6nnen Sie schon mit der theoretischen und praktischen Ausbildung beginnen. F\u00fcr beide Teile der Ausbildung ist die Fahrsch\u00fcler-Ausbildungsordnung ma\u00dfgebend. Der Besuch des theoretischen Unterrichts ist Pflicht Unterrichtszeiten: F\u00fcr Klasse B\u00a0\u00a0 Mo. und Mi. jeweils um Uhr 18.40 [&hellip;]<\/p>\n","protected":false},"author":1,"featured_media":0,"parent":0,"menu_order":0,"comment_status":"closed","ping_status":"closed","template":"page-fullwidth.php","meta":{"footnotes":""},"class_list":["post-708","page","type-page","status-publish","hentry"],"_links":{"self":[{"href":"https:\/\/www.fahrschule-danker.de\/index.php?rest_route=\/wp\/v2\/pages\/708","targetHints":{"allow":["GET"]}}],"collection":[{"href":"https:\/\/www.fahrschule-danker.de\/index.php?rest_route=\/wp\/v2\/pages"}],"about":[{"href":"https:\/\/www.fahrschule-danker.de\/index.php?rest_route=\/wp\/v2\/types\/page"}],"author":[{"embeddable":true,"href":"https:\/\/www.fahrschule-danker.de\/index.php?rest_route=\/wp\/v2\/users\/1"}],"replies":[{"embeddable":true,"href":"https:\/\/www.fahrschule-danker.de\/index.php?rest_route=%2Fwp%2Fv2%2Fcomments&post=708"}],"version-history":[{"count":16,"href":"https:\/\/www.fahrschule-danker.de\/index.php?rest_route=\/wp\/v2\/pages\/708\/revisions"}],"predecessor-version":[{"id":1375,"href":"https:\/\/www.fahrschule-danker.de\/index.php?rest_route=\/wp\/v2\/pages\/708\/revisions\/1375"}],"wp:attachment":[{"href":"https:\/\/www.fahrschule-danker.de\/index.php?rest_route=%2Fwp%2Fv2%2Fmedia&parent=708"}],"curies":[{"name":"wp","href":"https:\/\/api.w.org\/{rel}","templated":true}]}}